{"id":144,"date":"2020-08-14T14:23:54","date_gmt":"2020-08-14T14:23:54","guid":{"rendered":"https:\/\/olgaferzan.com\/?page_id=144"},"modified":"2023-11-04T21:56:28","modified_gmt":"2023-11-04T21:56:28","slug":"agenda-tu-reunion-privada","status":"publish","type":"page","link":"https:\/\/olgaferzan.com\/inicio\/agenda-tu-reunion-privada\/","title":{"rendered":"Agenda tu sesi\u00f3n privada online"},"content":{"rendered":"<p>[et_pb_section fb_built=\u00bb1&#8243; custom_padding_last_edited=\u00bbon|phone\u00bb admin_label=\u00bbHero Section\u00bb module_class=\u00bbcabecera-video\u00bb _builder_version=\u00bb4.23&#8243; background_enable_color=\u00bboff\u00bb use_background_color_gradient=\u00bbon\u00bb background_color_gradient_stops=\u00bb#df9191 80%|#ffffff 80%\u00bb background_color_gradient_start=\u00bb#df9191&#8243; background_color_gradient_start_position=\u00bb80%\u00bb background_color_gradient_end=\u00bb#ffffff\u00bb background_color_gradient_end_position=\u00bb0%\u00bb custom_padding=\u00bb200px|0px|0px|0px|false|false\u00bb custom_padding_tablet=\u00bb200px||0px||false|false\u00bb custom_padding_phone=\u00bb\u00bb animation_style=\u00bbslide\u00bb animation_direction=\u00bbtop\u00bb animation_intensity_slide=\u00bb2%\u00bb animation_starting_opacity=\u00bb100%\u00bb hover_enabled=\u00bb0&#8243; background_last_edited=\u00bbon|phone\u00bb background_color_gradient_stops_tablet=\u00bb#df9191 70%|#ffffff 70%\u00bb background_color_gradient_start_position_tablet=\u00bb70%\u00bb locked=\u00bboff\u00bb global_colors_info=\u00bb{}\u00bb title_text=\u00bbmeditation-center-38&#8243; background_image=\u00bbhttps:\/\/olgaferzan.com\/wp-content\/uploads\/2023\/11\/meditation-center-38.jpg\u00bb sticky_enabled=\u00bb0&#8243;][et_pb_row column_structure=\u00bb3_5,2_5&#8243; _builder_version=\u00bb4.16&#8243; min_height=\u00bb666.6px\u00bb custom_margin=\u00bb-94px|auto||auto||\u00bb custom_padding=\u00bb|||\u00bb custom_width_px=\u00bb1440px\u00bb global_colors_info=\u00bb{}\u00bb][et_pb_column type=\u00bb3_5&#8243; _builder_version=\u00bb4.16&#8243; custom_padding=\u00bb|||\u00bb custom_padding_tablet=\u00bb||30px||false|false\u00bb custom_padding_phone=\u00bb\u00bb custom_padding_last_edited=\u00bbon|phone\u00bb global_colors_info=\u00bb{}\u00bb custom_padding__hover=\u00bb|||\u00bb][et_pb_text _builder_version=\u00bb4.23&#8243; text_font=\u00bb||||||||\u00bb header_font=\u00bbPlayfair Display|700|||||||\u00bb header_text_color=\u00bb#ffffff\u00bb header_font_size=\u00bb3.5em\u00bb header_line_height=\u00bb1.4em\u00bb header_2_font=\u00bb||||||||\u00bb header_3_font=\u00bb||||||||\u00bb header_4_font=\u00bb||||||||\u00bb header_5_font=\u00bb||||||||\u00bb header_6_font=\u00bb||||||||\u00bb custom_margin=\u00bb||20px|\u00bb hover_enabled=\u00bb0&#8243; header_font_size_tablet=\u00bb3em\u00bb header_font_size_phone=\u00bb2.5em\u00bb header_font_size_last_edited=\u00bbon|phone\u00bb locked=\u00bboff\u00bb global_colors_info=\u00bb{}\u00bb background_color=\u00bbRGBA(255,255,255,0)\u00bb sticky_enabled=\u00bb0&#8243;]<\/p>\n<h1>Agenda una sesi\u00f3n privada por Zoom.<\/h1>\n<p>[\/et_pb_text][et_pb_text _builder_version=\u00bb4.23&#8243; text_font=\u00bbInter||||||||\u00bb text_text_color=\u00bb#621C1C\u00bb text_font_size=\u00bb1.3em\u00bb text_line_height=\u00bb1.8em\u00bb header_font=\u00bb||||||||\u00bb custom_padding=\u00bb|||5px|false|false\u00bb hover_enabled=\u00bb0&#8243; text_font_size_tablet=\u00bb1.2em\u00bb text_font_size_phone=\u00bb\u00bb text_font_size_last_edited=\u00bbon|desktop\u00bb locked=\u00bboff\u00bb global_colors_info=\u00bb{}\u00bb background_color=\u00bbRGBA(255,255,255,0)\u00bb sticky_enabled=\u00bb0&#8243;]<\/p>\n<p>\u00a0Para poder asesorarte y ver que opci\u00f3n es la mejor para ti, lo m\u00e1s recomendable es tener una reuni\u00f3n online.<\/p>\n<p>En media hora valoraremos tus necesidades para en caso, de poderte ayudar, ver cual es el programa o la formaci\u00f3n que m\u00e1s te conviene para tu sanaci\u00f3n o evoluci\u00f3n.<\/p>\n<p>Esta primera reuni\u00f3n de media hora, no conlleva inversi\u00f3n monetaria.<\/p>\n<p>&nbsp;<\/p>\n<p>[\/et_pb_text][\/et_pb_column][et_pb_column type=\u00bb2_5&#8243; _builder_version=\u00bb4.16&#8243; custom_padding=\u00bb|||\u00bb global_colors_info=\u00bb{}\u00bb custom_padding__hover=\u00bb|||\u00bb][et_pb_image src=\u00bbhttps:\/\/olgaferzan.com\/wp-content\/uploads\/2020\/09\/olga-fernandez-zancada-08.jpg\u00bb alt=\u00bbolga-fernandez-zancada-oportunidad-de-negocio\u00bb module_class=\u00bbfoto-cabecera-video\u00bb _builder_version=\u00bb4.16&#8243; _module_preset=\u00bbdefault\u00bb width=\u00bb59%\u00bb max_width_tablet=\u00bb65%\u00bb max_width_phone=\u00bb100%\u00bb max_width_last_edited=\u00bbon|phone\u00bb module_alignment=\u00bbcenter\u00bb custom_margin=\u00bb|-1px||9px|false|false\u00bb custom_padding=\u00bb80px|0px||0px|false|false\u00bb box_shadow_style=\u00bbpreset4&#8243; box_shadow_vertical=\u00bb20px\u00bb box_shadow_color=\u00bb#EFC8C8&#8243; global_colors_info=\u00bb{}\u00bb][\/et_pb_image][\/et_pb_column][\/et_pb_row][\/et_pb_section][et_pb_section fb_built=\u00bb1&#8243; custom_padding_last_edited=\u00bbon|phone\u00bb module_class=\u00bbseccion-formulario-video\u00bb _builder_version=\u00bb4.23&#8243; _module_preset=\u00bbdefault\u00bb background_color=\u00bb#EEEEEE\u00bb background_image=\u00bbhttps:\/\/olgaferzan.com\/wp-content\/uploads\/2023\/11\/senior-care-19.png\u00bb min_height=\u00bb870.6px\u00bb custom_margin=\u00bb-19px|||||\u00bb custom_padding=\u00bb31px||33px|||\u00bb custom_padding_tablet=\u00bb0px||0px||false|false\u00bb custom_padding_phone=\u00bb\u00bb global_colors_info=\u00bb{}\u00bb][et_pb_row column_structure=\u00bb1_2,1_2&#8243; custom_padding_last_edited=\u00bbon|phone\u00bb _builder_version=\u00bb4.16&#8243; _module_preset=\u00bbdefault\u00bb custom_padding_tablet=\u00bb||0px||false|false\u00bb custom_padding_phone=\u00bb\u00bb global_colors_info=\u00bb{}\u00bb][et_pb_column type=\u00bb1_2&#8243; _builder_version=\u00bb4.16&#8243; _module_preset=\u00bbdefault\u00bb global_colors_info=\u00bb{}\u00bb][et_pb_text _builder_version=\u00bb4.23&#8243; text_font=\u00bb||||||||\u00bb text_text_color=\u00bb#621C1C\u00bb text_font_size=\u00bb1.2em\u00bb text_line_height=\u00bb1.9em\u00bb header_font=\u00bb||||||||\u00bb header_2_font=\u00bb||||||||\u00bb background_color=\u00bb#EEEEEE\u00bb module_alignment=\u00bbcenter\u00bb custom_margin=\u00bb|||\u00bb custom_padding=\u00bb|||5px|false|false\u00bb text_font_size_tablet=\u00bb\u00bb text_font_size_phone=\u00bb\u00bb text_font_size_last_edited=\u00bbon|phone\u00bb locked=\u00bboff\u00bb global_colors_info=\u00bb{}\u00bb]<\/p>\n<p>Si quieres agendar una reuni\u00f3n online por zoom, rellena este formulario y nos pondremos en contacto contigo a la mayor brevedad posible.<\/p>\n<p>[\/et_pb_text][et_pb_text module_class=\u00bbtexto-legal-formulario\u00bb _builder_version=\u00bb4.23&#8243; _module_preset=\u00bbdefault\u00bb text_font=\u00bbInter||||||||\u00bb text_text_color=\u00bb#621C1C\u00bb text_font_size=\u00bb15px\u00bb text_line_height=\u00bb1.8em\u00bb link_text_color=\u00bb#df9191&#8243; background_color=\u00bb#EEEEEE\u00bb custom_margin_tablet=\u00bb\u00bb custom_margin_phone=\u00bb\u00bb custom_margin_last_edited=\u00bbon|phone\u00bb text_font_size_tablet=\u00bb11px\u00bb text_font_size_phone=\u00bb\u00bb text_font_size_last_edited=\u00bbon|phone\u00bb locked=\u00bboff\u00bb global_colors_info=\u00bb{}\u00bb]<\/p>\n<p><strong>Nota: es necesario aceptar la Pol\u00edtica de Privacidad para poder enviar el formulario.\u00a0<\/strong><strong><a href=\"https:\/\/olgaferzan.com\/inicio\/politica-de-privacidad\/\" target=\"_blank\" rel=\"noopener noreferrer\">VER POL\u00cdTICA DE PRIVACIDAD.<\/a>\u00a0<\/strong><span>Olga Fern\u00e1ndez Zancada te informa que los datos de car\u00e1cter personal que me proporciones rellenando este formulario ser\u00e1n tratados por Olga Fern\u00e1ndez Zancada. La finalidad de la recogida y tratamiento de tus datos personales es dar respuesta a las solicitudes de contacto y env\u00edo de informaci\u00f3n. La legitimaci\u00f3n se realiza a trav\u00e9s de tu consentimiento. Los datos que me facilites estar\u00e1n ubicados en los servidores de mi proveedor de e-mail y hosting\u00a0<\/span><strong><a href=\"https:\/\/www.ionos.es\/\" target=\"_blank\" rel=\"noopener noreferrer\">IONOS<\/a><\/strong><span>\u00a0en Espa\u00f1a. Ver\u00a0<\/span><strong><a href=\"https:\/\/www.ionos.es\/terms-gtc\/terms-privacy\/\" target=\"_blank\" rel=\"noopener noreferrer\">Pol\u00edtica de Privacidad de IONOS<\/a><\/strong><span>. Podr\u00e1s acceder, rectificar, limitar y suprimir tus datos a trav\u00e9s del e-mail <a href=\"mailto:olga@olgaferzan.com\"><strong>olga@olgaferzan.com<\/strong><\/a>.<\/span><\/p>\n<p>[\/et_pb_text][\/et_pb_column][et_pb_column type=\u00bb1_2&#8243; _builder_version=\u00bb4.16&#8243; _module_preset=\u00bbdefault\u00bb global_colors_info=\u00bb{}\u00bb][et_pb_code _builder_version=\u00bb4.16&#8243; _module_preset=\u00bbdefault\u00bb custom_margin=\u00bb-32px||0px||false|false\u00bb custom_padding=\u00bb0px||0px||false|false\u00bb link_option_url=\u00bbhttps:\/\/b0c2c806.sibforms.com\/serve\/MUIEALuwpj_-v0sBDhXDXVixpkdvQrr0yvemrBEovbhd-FP13ddszWjtYLkI29g7bKKsoSDi-5AKW65KqB_wq9e8g_iWSPEQBjztzWVes3NkzeMzmVmsSK5zxhB5uHMWy_kRislLm_SFYOqO0bB3EWcyX-WyJWVE7eKz5igETOAB1F-mWZx4Xi_-yPCiQT54wJPEI04T2P94KiP0&#8243; locked=\u00bboff\u00bb global_colors_info=\u00bb{}\u00bb]<iframe loading=\"lazy\" width=\"540\" height=\"545\" src=\"https:\/\/b0c2c806.sibforms.com\/serve\/MUIEAPdh8igDGKEemcm55MsIvIK2k8dS_HZ3wtAeP-Uo56WRC6SvGaDiy0z_gQBgDb3pyJ_Jgt7H-Jj9qdBpqva5JSLrMh6tE6eWiY554GDZbFTqyf6TfR-5AGAJoXnaQ9WKbVfhAW1LeLq9-IRYaH1ZEdaKx-FOjwQ8xbrPTxFSJQmuOkXzBIFuA8UXkd2PHV-OTqZf627-W1KE\" frameborder=\"0\" scrolling=\"auto\" allowfullscreen=\"\" style=\"display: block;margin-left: auto;margin-right: auto;max-width: 100%;\"><\/iframe>[\/et_pb_code][\/et_pb_column][\/et_pb_row][\/et_pb_section]<\/p>\n","protected":false},"excerpt":{"rendered":"<p>Agenda una sesi\u00f3n privada por Zoom.\u00a0Para poder asesorarte y ver que opci\u00f3n es la mejor para ti, lo m\u00e1s recomendable es tener una reuni\u00f3n online. En media hora valoraremos tus necesidades para en caso, de poderte ayudar, ver cual es el programa o la formaci\u00f3n que m\u00e1s te conviene para tu sanaci\u00f3n o evoluci\u00f3n. Esta [&hellip;]<\/p>\n","protected":false},"author":2,"featured_media":1109,"parent":0,"menu_order":0,"comment_status":"closed","ping_status":"closed","template":"","meta":{"_et_pb_use_builder":"on","_et_pb_old_content":"","_et_gb_content_width":"","_joinchat":[],"footnotes":""},"class_list":["post-144","page","type-page","status-publish","has-post-thumbnail","hentry"],"jetpack_sharing_enabled":true,"_links":{"self":[{"href":"https:\/\/olgaferzan.com\/inicio\/wp-json\/wp\/v2\/pages\/144","targetHints":{"allow":["GET"]}}],"collection":[{"href":"https:\/\/olgaferzan.com\/inicio\/wp-json\/wp\/v2\/pages"}],"about":[{"href":"https:\/\/olgaferzan.com\/inicio\/wp-json\/wp\/v2\/types\/page"}],"author":[{"embeddable":true,"href":"https:\/\/olgaferzan.com\/inicio\/wp-json\/wp\/v2\/users\/2"}],"replies":[{"embeddable":true,"href":"https:\/\/olgaferzan.com\/inicio\/wp-json\/wp\/v2\/comments?post=144"}],"version-history":[{"count":74,"href":"https:\/\/olgaferzan.com\/inicio\/wp-json\/wp\/v2\/pages\/144\/revisions"}],"predecessor-version":[{"id":3906,"href":"https:\/\/olgaferzan.com\/inicio\/wp-json\/wp\/v2\/pages\/144\/revisions\/3906"}],"wp:featuredmedia":[{"embeddable":true,"href":"https:\/\/olgaferzan.com\/inicio\/wp-json\/wp\/v2\/media\/1109"}],"wp:attachment":[{"href":"https:\/\/olgaferzan.com\/inicio\/wp-json\/wp\/v2\/media?parent=144"}],"curies":[{"name":"wp","href":"https:\/\/api.w.org\/{rel}","templated":true}]}}