{"id":1842,"date":"2023-10-29T12:38:59","date_gmt":"2023-10-29T12:38:59","guid":{"rendered":"https:\/\/olgaferzan.com\/?page_id=1842"},"modified":"2023-11-25T12:23:14","modified_gmt":"2023-11-25T12:23:14","slug":"libro","status":"publish","type":"page","link":"https:\/\/olgaferzan.com\/inicio\/libro\/","title":{"rendered":"Libro"},"content":{"rendered":"[et_pb_section fb_built=\u00bb1&#8243; _builder_version=\u00bb4.23.1&#8243; _module_preset=\u00bbdefault\u00bb custom_margin=\u00bb-51px||||false|false\u00bb custom_padding=\u00bb38px|||||\u00bb global_colors_info=\u00bb{}\u00bb theme_builder_area=\u00bbpost_content\u00bb][et_pb_row _builder_version=\u00bb4.23.1&#8243; _module_preset=\u00bbdefault\u00bb global_colors_info=\u00bb{}\u00bb theme_builder_area=\u00bbpost_content\u00bb][et_pb_column type=\u00bb4_4&#8243; _builder_version=\u00bb4.23.1&#8243; _module_preset=\u00bbdefault\u00bb global_colors_info=\u00bb{}\u00bb theme_builder_area=\u00bbpost_content\u00bb][\/et_pb_column][\/et_pb_row][\/et_pb_section][et_pb_section fb_built=\u00bb1&#8243; next_background_color=\u00bb#ffffff\u00bb admin_label=\u00bbHeader\u00bb _builder_version=\u00bb4.23.1&#8243; _module_preset=\u00bbdefault\u00bb use_background_color_gradient=\u00bbon\u00bb background_color_gradient_direction=\u00bb225deg\u00bb background_color_gradient_stops=\u00bbgcid-34807b40-f97e-428a-90f8-6d5ad2ecd8cd 0%|rgba(245,246,241,0.9) 100%\u00bb background_color_gradient_overlays_image=\u00bbon\u00bb background_image=\u00bbhttps:\/\/olgaferzan.com\/wp-content\/uploads\/2023\/11\/senior-care-1.jpg\u00bb min_height=\u00bb784.4px\u00bb custom_margin=\u00bb-126px||-7px||false|false\u00bb custom_padding=\u00bb84px||199px||false|false\u00bb bottom_divider_style=\u00bbcurve\u00bb bottom_divider_height=\u00bb60px\u00bb hover_enabled=\u00bb0&#8243; collapsed=\u00bbon\u00bb global_colors_info=\u00bb{%22gcid-34807b40-f97e-428a-90f8-6d5ad2ecd8cd%22:%91%22background_color_gradient_stops%22%93}\u00bb theme_builder_area=\u00bbpost_content\u00bb sticky_enabled=\u00bb0&#8243;][et_pb_row _builder_version=\u00bb4.23.1&#8243; _module_preset=\u00bbdefault\u00bb custom_padding=\u00bb65px|||||\u00bb global_colors_info=\u00bb{}\u00bb theme_builder_area=\u00bbpost_content\u00bb][et_pb_column type=\u00bb4_4&#8243; _builder_version=\u00bb4.23&#8243; _module_preset=\u00bbdefault\u00bb global_colors_info=\u00bb{}\u00bb theme_builder_area=\u00bbpost_content\u00bb][et_pb_text _builder_version=\u00bb4.23.1&#8243; _module_preset=\u00bb7a83cc99-5e08-4566-8753-835e7b504d90&#8243; custom_margin=\u00bb||10px||false|false\u00bb custom_padding=\u00bb0px|||||\u00bb global_colors_info=\u00bb{}\u00bb theme_builder_area=\u00bbpost_content\u00bb]<h1 style=\"text-align: center;\">Descubre mi libro:<\/h1>\n<h1 style=\"text-align: center;\">\u00abDespierta tu Diosa Interior\u00bb<\/h1>[\/et_pb_text][et_pb_text _builder_version=\u00bb4.23.1&#8243; _module_preset=\u00bbb61a432a-7c3a-4109-b64f-8566e3580694&#8243; text_font_size=\u00bb21px\u00bb custom_padding=\u00bb||8px|||\u00bb global_colors_info=\u00bb{}\u00bb theme_builder_area=\u00bbpost_content\u00bb]<p style=\"text-align: center;\">Redescubre tu poder en un viaje de Transformaci\u00f3n con la Diosa Isis.<\/p>[\/et_pb_text][et_pb_text _builder_version=\u00bb4.23.1&#8243; _module_preset=\u00bbb61a432a-7c3a-4109-b64f-8566e3580694&#8243; text_font_size=\u00bb21px\u00bb custom_padding=\u00bb||8px|||\u00bb global_colors_info=\u00bb{}\u00bb theme_builder_area=\u00bbpost_content\u00bb]<p style=\"text-align: left;\">Introducci\u00f3n:<\/p>\n<p><span style=\"font-weight: 400;\">La Diosa Isis, conocida como la Diosa de la magia y la maternidad en la mitolog\u00eda egipcia, ha sido una fuente de inspiraci\u00f3n y gu\u00eda para muchas mujeres a lo largo de la historia. Su energ\u00eda de amor incondicional y su capacidad para sanar y proteger, son cualidades que resuenan en el coraz\u00f3n de muchas mujeres. En este libro, Olga Fern\u00e1ndez, terapeuta hol\u00edstica y canalizadora de la energ\u00eda de Isis, comparte su viaje personal de autoconocimiento y c\u00f3mo la esencia de esta Diosa la ha guiado en su camino hacia la sanaci\u00f3n y el empoderamiento.<\/span><\/p>[\/et_pb_text][\/et_pb_column][\/et_pb_row][et_pb_row _builder_version=\u00bb4.23.1&#8243; _module_preset=\u00bbdefault\u00bb custom_padding=\u00bb157px||191px|||\u00bb global_colors_info=\u00bb{}\u00bb theme_builder_area=\u00bbpost_content\u00bb][et_pb_column type=\u00bb4_4&#8243; _builder_version=\u00bb4.23.1&#8243; _module_preset=\u00bbdefault\u00bb global_colors_info=\u00bb{}\u00bb theme_builder_area=\u00bbpost_content\u00bb][et_pb_image src=\u00bbhttps:\/\/olgaferzan.com\/wp-content\/uploads\/2023\/11\/A4-455.png\u00bb title_text=\u00bbDespierta tu Diosa Interior\u00bb align=\u00bbcenter\u00bb _builder_version=\u00bb4.23.1&#8243; _module_preset=\u00bbdefault\u00bb width=\u00bb30%\u00bb global_colors_info=\u00bb{}\u00bb theme_builder_area=\u00bbpost_content\u00bb][\/et_pb_image][\/et_pb_column][\/et_pb_row][et_pb_row _builder_version=\u00bb4.23.1&#8243; _module_preset=\u00bbdefault\u00bb global_colors_info=\u00bb{}\u00bb theme_builder_area=\u00bbpost_content\u00bb][et_pb_column type=\u00bb4_4&#8243; _builder_version=\u00bb4.23&#8243; _module_preset=\u00bbdefault\u00bb global_colors_info=\u00bb{}\u00bb theme_builder_area=\u00bbpost_content\u00bb][et_pb_button button_url=\u00bbhttps:\/\/amzn.eu\/d\/cJNxtTz\u00bb url_new_window=\u00bbon\u00bb button_text=\u00bbQUIERO INICIAR MI VIAJE DE TRANSFORMACI\u00d3N AHORA\u00bb button_alignment=\u00bbcenter\u00bb _builder_version=\u00bb4.23.1&#8243; _module_preset=\u00bbd2cc321b-0baa-469e-bb1c-34a33c164c1b\u00bb button_bg_color=\u00bb#6ec0da\u00bb global_colors_info=\u00bb{}\u00bb theme_builder_area=\u00bbpost_content\u00bb][\/et_pb_button][et_pb_text _builder_version=\u00bb4.23.1&#8243; _module_preset=\u00bbb61a432a-7c3a-4109-b64f-8566e3580694&#8243; text_font_size=\u00bb21px\u00bb custom_padding=\u00bb||8px|||\u00bb global_colors_info=\u00bb{}\u00bb theme_builder_area=\u00bbpost_content\u00bb]<p style=\"text-align: left;\"><span style=\"font-weight: 400;\">Descubre el potente llamado de la Diosa Isis en \u2018Despierta Tu Diosa Interior\u2019. Este libro es una traves\u00eda \u00edntima hacia tu esencia divina, guiada por las antiguas ense\u00f1anzas y rituales de Isis. Aprende a canalizar tu energ\u00eda, a fortalecer tu intuici\u00f3n y a redescubrir el sagrado poder que reside en ti. Con historias inspiradoras, pr\u00e1cticas meditativas y lecciones de empoderamiento, este libro te invita a despertar la Diosa que llevas dentro y a brillar con luz propia.<\/span><\/p>[\/et_pb_text][et_pb_text _builder_version=\u00bb4.23.1&#8243; _module_preset=\u00bb7a83cc99-5e08-4566-8753-835e7b504d90&#8243; text_text_color=\u00bb#FFFFFF\u00bb header_text_color=\u00bb#000000&#8243; background_enable_image=\u00bboff\u00bb custom_margin=\u00bb||10px||false|false\u00bb hover_enabled=\u00bb0&#8243; locked=\u00bboff\u00bb global_colors_info=\u00bb{}\u00bb theme_builder_area=\u00bbpost_content\u00bb sticky_enabled=\u00bb0&#8243;]<h1 style=\"text-align: center;\"><img loading=\"lazy\" decoding=\"async\" src=\"https:\/\/olgaferzan.com\/wp-content\/uploads\/2023\/11\/holistic-healer-icon-9-4.png\" width=\"64\" height=\"64\" alt=\"\" class=\"wp-image-3952 alignnone size-full\" \/> Este libro es para t\u00ed&#8230;<\/h1>[\/et_pb_text][et_pb_text _builder_version=\u00bb4.23.1&#8243; _module_preset=\u00bb23def71b-2d8f-451c-825e-773996ddba2d\u00bb max_width=\u00bb990px\u00bb custom_margin=\u00bb||10px||false|false\u00bb custom_padding=\u00bb|0px||||\u00bb hover_enabled=\u00bb0&#8243; locked=\u00bboff\u00bb inline_fonts=\u00bbInter\u00bb global_colors_info=\u00bb{}\u00bb theme_builder_area=\u00bbpost_content\u00bb sticky_enabled=\u00bb0&#8243;]<h3 style=\"text-align: center;\"><span style=\"font-weight: 400;\">Si alguna vez has sentido que hay una fuerza poderosa dentro de ti esperando ser despertada.<\/span><\/h3>\n<h3 style=\"text-align: center;\"><span style=\"font-weight: 400;\">Si te interesa la mitolog\u00eda egipcia y c\u00f3mo sus ense\u00f1anzas pueden aplicarse a la vida moderna.<\/span><\/h3>\n<h3 style=\"text-align: center;\"><span style=\"font-weight: 400;\">Si buscas maneras de sanar y transformarte a trav\u00e9s de pr\u00e1cticas espirituales y hol\u00edsticas.<\/span><\/h3>\n<h3 style=\"text-align: center;\"><span style=\"font-weight: 400;\">Si te gustar\u00eda aprender c\u00f3mo canalizar la energ\u00eda de una deidad antigua para el empoderamiento personal.<\/span><\/h3>\n<h3 style=\"text-align: center;\"><span style=\"font-weight: 400;\">Si sientes que hay aspectos de ti misma que necesitan ser redescubiertos y fortalecidos.<\/span><\/h3>\n<h3 style=\"text-align: center;\"><span style=\"font-weight: 400;\">Si est\u00e1s en busca de una gu\u00eda para un viaje personal de autoconocimiento y transformaci\u00f3n.<\/span><\/h3>\n<h3 style=\"text-align: center;\"><img loading=\"lazy\" decoding=\"async\" src=\"https:\/\/olgaferzan.com\/wp-content\/uploads\/2023\/11\/senior-care-13-282x300.png\" width=\"162\" height=\"172\" alt=\"\" class=\"wp-image-3634 alignnone size-medium\" style=\"font-family: Inter; font-size: 16px;\" \/><\/h3>[\/et_pb_text][et_pb_text _builder_version=\u00bb4.23.1&#8243; _module_preset=\u00bbb61a432a-7c3a-4109-b64f-8566e3580694&#8243; text_font_size=\u00bb21px\u00bb custom_padding=\u00bb||8px|||\u00bb global_colors_info=\u00bb{}\u00bb theme_builder_area=\u00bbpost_content\u00bb]<p style=\"text-align: left;\"><span style=\"font-weight: 400;\">Descubre el potente llamado de la Diosa Isis en \u2018Despierta Tu Diosa Interior\u2019. Este libro es una traves\u00eda \u00edntima hacia tu esencia divina, guiada por las antiguas ense\u00f1anzas y rituales de Isis. Aprende a canalizar tu energ\u00eda, a fortalecer tu intuici\u00f3n y a redescubrir el sagrado poder que reside en ti. Con historias inspiradoras, pr\u00e1cticas meditativas y lecciones de empoderamiento, este libro te invita a despertar la Diosa que llevas dentro y a brillar con luz propia.<\/span><\/p>[\/et_pb_text][et_pb_button button_url=\u00bbhttps:\/\/amzn.eu\/d\/cJNxtTz\u00bb url_new_window=\u00bbon\u00bb button_text=\u00bbQUIERO DESPERTAR MI PODER\u00bb button_alignment=\u00bbcenter\u00bb _builder_version=\u00bb4.23.1&#8243; _module_preset=\u00bbd2cc321b-0baa-469e-bb1c-34a33c164c1b\u00bb button_bg_color=\u00bb#6ec0da\u00bb hover_enabled=\u00bb0&#8243; global_colors_info=\u00bb{}\u00bb theme_builder_area=\u00bbpost_content\u00bb sticky_enabled=\u00bb0&#8243;][\/et_pb_button][et_pb_text _builder_version=\u00bb4.23.1&#8243; _module_preset=\u00bbb61a432a-7c3a-4109-b64f-8566e3580694&#8243; text_font_size=\u00bb21px\u00bb custom_padding=\u00bb||8px|||\u00bb hover_enabled=\u00bb0&#8243; global_colors_info=\u00bb{}\u00bb theme_builder_area=\u00bbpost_content\u00bb sticky_enabled=\u00bb0&#8243;]<p style=\"text-align: left;\"><span style=\"font-weight: 400;\">Este libro no es simplemente un viaje a trav\u00e9s de p\u00e1ginas y palabras; es una invitaci\u00f3n a embarcarse en un viaje personal hacia el despertar de esa energ\u00eda divina, esa Diosa interior que ha estado esperando pacientemente su momento para brillar. As\u00ed como el Nilo ha nutrido a Egipto, permitiendo que la vida florezca en un desierto, Isis nos invita a nutrir nuestro esp\u00edritu, a descubrir y liberar nuestra esencia m\u00e1s poderosa y aut\u00e9ntica.<\/span><\/p>[\/et_pb_text][\/et_pb_column][\/et_pb_row][\/et_pb_section]","protected":false},"excerpt":{"rendered":"<p>Descubre mi libro: \u00abDespierta tu Diosa Interior\u00bbRedescubre tu poder en un viaje de Transformaci\u00f3n con la Diosa Isis.Introducci\u00f3n: La Diosa Isis, conocida como la Diosa de la magia y la maternidad en la mitolog\u00eda egipcia, ha sido una fuente de inspiraci\u00f3n y gu\u00eda para muchas mujeres a lo largo de la historia. Su energ\u00eda de [&hellip;]<\/p>\n","protected":false},"author":2,"featured_media":4719,"parent":0,"menu_order":0,"comment_status":"closed","ping_status":"closed","template":"","meta":{"_et_pb_use_builder":"on","_et_pb_old_content":"<!-- wp:preformatted -->\n<pre class=\"wp-block-preformatted\"><\/pre>\n<!-- \/wp:preformatted -->","_et_gb_content_width":"","_joinchat":[],"footnotes":""},"class_list":["post-1842","page","type-page","status-publish","has-post-thumbnail","hentry"],"jetpack_sharing_enabled":true,"_links":{"self":[{"href":"https:\/\/olgaferzan.com\/inicio\/wp-json\/wp\/v2\/pages\/1842","targetHints":{"allow":["GET"]}}],"collection":[{"href":"https:\/\/olgaferzan.com\/inicio\/wp-json\/wp\/v2\/pages"}],"about":[{"href":"https:\/\/olgaferzan.com\/inicio\/wp-json\/wp\/v2\/types\/page"}],"author":[{"embeddable":true,"href":"https:\/\/olgaferzan.com\/inicio\/wp-json\/wp\/v2\/users\/2"}],"replies":[{"embeddable":true,"href":"https:\/\/olgaferzan.com\/inicio\/wp-json\/wp\/v2\/comments?post=1842"}],"version-history":[{"count":26,"href":"https:\/\/olgaferzan.com\/inicio\/wp-json\/wp\/v2\/pages\/1842\/revisions"}],"predecessor-version":[{"id":4809,"href":"https:\/\/olgaferzan.com\/inicio\/wp-json\/wp\/v2\/pages\/1842\/revisions\/4809"}],"wp:featuredmedia":[{"embeddable":true,"href":"https:\/\/olgaferzan.com\/inicio\/wp-json\/wp\/v2\/media\/4719"}],"wp:attachment":[{"href":"https:\/\/olgaferzan.com\/inicio\/wp-json\/wp\/v2\/media?parent=1842"}],"curies":[{"name":"wp","href":"https:\/\/api.w.org\/{rel}","templated":true}]}}